{"id":34,"date":"2013-04-11T19:02:30","date_gmt":"2013-04-11T17:02:30","guid":{"rendered":"http:\/\/nofracking.wendland-daten.de\/wordpress\/?page_id=34"},"modified":"2022-04-11T12:47:50","modified_gmt":"2022-04-11T10:47:50","slug":"flugblatter","status":"publish","type":"page","link":"https:\/\/erdgas-erdoel-fracking-wendland.de\/?page_id=34","title":{"rendered":"Flugbl\u00e4tter\/Brosch\u00fcren\/Flyer"},"content":{"rendered":"<p style=\"text-align: center;\"><a href=\"http:\/\/nofracking.wendland-daten.de\/wordpress\/wp-content\/uploads\/2014\/06\/FlugiGasbohrenV02_e_rgb.pdf\"><img decoding=\"async\" loading=\"lazy\" class=\"size-medium wp-image-949 alignnone\" title=\"Auch ohne Chemie ist Fracking gef\u00e4hrlich\" src=\"http:\/\/nofracking.wendland-daten.de\/wordpress\/wp-content\/uploads\/2013\/04\/FlugiGasbohrenV02-150x300.jpg\" alt=\"FlugiGasbohrenV02\" width=\"150\" height=\"300\" srcset=\"https:\/\/erdgas-erdoel-fracking-wendland.de\/wp-content\/uploads\/2013\/04\/FlugiGasbohrenV02-150x300.jpg 150w, https:\/\/erdgas-erdoel-fracking-wendland.de\/wp-content\/uploads\/2013\/04\/FlugiGasbohrenV02.jpg 397w\" sizes=\"(max-width: 150px) 100vw, 150px\" \/><\/a><a href=\"http:\/\/nofracking.wendland-daten.de\/wordpress\/wp-content\/uploads\/2013\/04\/broeschuere2_16proof_web.pdf\" target=\"_blank\" rel=\"noopener\"><img decoding=\"async\" loading=\"lazy\" class=\"wp-image-197 alignright\" title=\"Die Fracking-Brosch\u00fcre der BI\" src=\"http:\/\/nofracking.wendland-daten.de\/wordpress\/wp-content\/uploads\/2013\/04\/Fracking-Broeschuere_1-181x300.jpg\" alt=\"\" width=\"181\" height=\"300\" srcset=\"https:\/\/erdgas-erdoel-fracking-wendland.de\/wp-content\/uploads\/2013\/04\/Fracking-Broeschuere_1-181x300.jpg 181w, https:\/\/erdgas-erdoel-fracking-wendland.de\/wp-content\/uploads\/2013\/04\/Fracking-Broeschuere_1.jpg 414w\" sizes=\"(max-width: 181px) 100vw, 181px\" \/><\/a><\/p>\n<p style=\"text-align: center;\">Die Fracking-Brosch\u00fcre der BI ist \u00fcber die <a href=\"http:\/\/www.bi-luechow-dannenberg.de\/\"><em><strong>BI L\u00fcchow-Dannenberg<\/strong><\/em><\/a> erh\u00e4ltlich.<\/p>\n<p><a href=\"http:\/\/ak-fracking.de\/wiki\/Hauptseite\" target=\"_blank\" rel=\"noopener\"><img decoding=\"async\" loading=\"lazy\" class=\"alignleft  wp-image-549\" src=\"http:\/\/nofracking.wendland-daten.de\/wordpress\/wp-content\/uploads\/2013\/04\/Informationsbrosch\u00fcre-des-300x260.jpg\" alt=\"Informationsbrosch\u00fcre des AK Fracking\" width=\"228\" height=\"197\" srcset=\"https:\/\/erdgas-erdoel-fracking-wendland.de\/wp-content\/uploads\/2013\/04\/Informationsbrosch\u00fcre-des-300x260.jpg 300w, https:\/\/erdgas-erdoel-fracking-wendland.de\/wp-content\/uploads\/2013\/04\/Informationsbrosch\u00fcre-des.jpg 713w\" sizes=\"(max-width: 228px) 100vw, 228px\" \/><\/a> <a href=\"http:\/\/nofracking.wendland-daten.de\/wordpress\/wp-content\/uploads\/2013\/04\/Fracking12neu_farbgrafik12.pdf\" target=\"_blank\" rel=\"noopener\"><img decoding=\"async\" loading=\"lazy\" class=\"wp-image-40 \" title=\"Flugblatt Stand 04\/2013\" src=\"http:\/\/nofracking.wendland-daten.de\/wordpress\/wp-content\/uploads\/2013\/04\/Fracking12neu_farbgrafik1-1_ImageMini-212x300.png\" alt=\"\" width=\"154\" height=\"203\"\/><\/a><a href=\"http:\/\/www.bund-konstanz.de\/fileadmin\/rv_konstanz\/Bilder\/Bilder_Wasser\/BUND_BaWue_Flyer_Fracking_6-2013.pdf\" target=\"_blank\" rel=\"noopener\"><img decoding=\"async\" loading=\"lazy\" class=\"size-medium wp-image-924 alignright\" src=\"http:\/\/nofracking.wendland-daten.de\/wordpress\/wp-content\/uploads\/2013\/04\/BUND_BaWue_Flyer_Fracking_6-2013_Page_1-128x300.jpg\" alt=\"BUND_BaWue_Flyer_Fracking_6-2013_Page_1\" width=\"128\" height=\"300\" srcset=\"https:\/\/erdgas-erdoel-fracking-wendland.de\/wp-content\/uploads\/2013\/04\/BUND_BaWue_Flyer_Fracking_6-2013_Page_1-128x300.jpg 128w, https:\/\/erdgas-erdoel-fracking-wendland.de\/wp-content\/uploads\/2013\/04\/BUND_BaWue_Flyer_Fracking_6-2013_Page_1-437x1024.jpg 437w, https:\/\/erdgas-erdoel-fracking-wendland.de\/wp-content\/uploads\/2013\/04\/BUND_BaWue_Flyer_Fracking_6-2013_Page_1.jpg 530w\" sizes=\"(max-width: 128px) 100vw, 128px\" \/><\/a><\/p>\n<p><a href=\"http:\/\/nofracking.wendland-daten.de\/wordpress\/wp-content\/uploads\/2013\/04\/BI-DGB-TTIP_DEMO_Hannover_FlyerA5-1.pdf\" target=\"_blank\" rel=\"http:\/\/nofracking.wendland-daten.de\/wordpress\/wp-content\/uploads\/2013\/04\/BI-DGB-TTIP_DEMO_Hannover_FlyerA5-1.pdf noopener\"><img decoding=\"async\" loading=\"lazy\" class=\"alignleft wp-image-1680\" src=\"http:\/\/nofracking.wendland-daten.de\/wordpress\/wp-content\/uploads\/2013\/04\/Demoaufruf.png\" alt=\"Demoaufruf\" width=\"294\" height=\"171\" srcset=\"https:\/\/erdgas-erdoel-fracking-wendland.de\/wp-content\/uploads\/2013\/04\/Demoaufruf.png 787w, https:\/\/erdgas-erdoel-fracking-wendland.de\/wp-content\/uploads\/2013\/04\/Demoaufruf-300x174.png 300w\" sizes=\"(max-width: 294px) 100vw, 294px\" \/><\/a><\/p>\n<p>&nbsp;<\/p>\n<p>&nbsp;<\/p>\n<p>&nbsp;<\/p>\n<p>&nbsp;<\/p>\n<p style=\"padding-left: 30px;\"><a title=\"hier gibt es die Infobroschuere des AK Fracking Braunschweiger Land\" href=\"http:\/\/ak-fracking.de\/wiki\/Hauptseite\" target=\"_blank\" rel=\"noopener\"><b><br \/>\n<\/b><\/a><\/p>\n","protected":false},"excerpt":{"rendered":"<p>Die Fracking-Brosch\u00fcre der BI ist \u00fcber die BI L\u00fcchow-Dannenberg erh\u00e4ltlich. &nbsp; &nbsp; &nbsp; &nbsp;<\/p>\n","protected":false},"author":1,"featured_media":197,"parent":12,"menu_order":0,"comment_status":"closed","ping_status":"open","template":"","meta":[],"categories":[26],"tags":[],"_links":{"self":[{"href":"https:\/\/erdgas-erdoel-fracking-wendland.de\/index.php?rest_route=\/wp\/v2\/pages\/34"}],"collection":[{"href":"https:\/\/erdgas-erdoel-fracking-wendland.de\/index.php?rest_route=\/wp\/v2\/pages"}],"about":[{"href":"https:\/\/erdgas-erdoel-fracking-wendland.de\/index.php?rest_route=\/wp\/v2\/types\/page"}],"author":[{"embeddable":true,"href":"https:\/\/erdgas-erdoel-fracking-wendland.de\/index.php?rest_route=\/wp\/v2\/users\/1"}],"replies":[{"embeddable":true,"href":"https:\/\/erdgas-erdoel-fracking-wendland.de\/index.php?rest_route=%2Fwp%2Fv2%2Fcomments&post=34"}],"version-history":[{"count":61,"href":"https:\/\/erdgas-erdoel-fracking-wendland.de\/index.php?rest_route=\/wp\/v2\/pages\/34\/revisions"}],"predecessor-version":[{"id":37741,"href":"https:\/\/erdgas-erdoel-fracking-wendland.de\/index.php?rest_route=\/wp\/v2\/pages\/34\/revisions\/37741"}],"up":[{"embeddable":true,"href":"https:\/\/erdgas-erdoel-fracking-wendland.de\/index.php?rest_route=\/wp\/v2\/pages\/12"}],"wp:featuredmedia":[{"embeddable":true,"href":"https:\/\/erdgas-erdoel-fracking-wendland.de\/index.php?rest_route=\/wp\/v2\/media\/197"}],"wp:attachment":[{"href":"https:\/\/erdgas-erdoel-fracking-wendland.de\/index.php?rest_route=%2Fwp%2Fv2%2Fmedia&parent=34"}],"wp:term":[{"taxonomy":"category","embeddable":true,"href":"https:\/\/erdgas-erdoel-fracking-wendland.de\/index.php?rest_route=%2Fwp%2Fv2%2Fcategories&post=34"},{"taxonomy":"post_tag","embeddable":true,"href":"https:\/\/erdgas-erdoel-fracking-wendland.de\/index.php?rest_route=%2Fwp%2Fv2%2Ftags&post=34"}],"curies":[{"name":"wp","href":"https:\/\/api.w.org\/{rel}","templated":true}]}}