{"id":8,"date":"2013-04-11T14:40:09","date_gmt":"2013-04-11T12:40:09","guid":{"rendered":"http:\/\/nofracking.wendland-daten.de\/wordpress\/?page_id=8"},"modified":"2022-03-23T12:57:09","modified_gmt":"2022-03-23T10:57:09","slug":"fracking-wat-is-dat-denn","status":"publish","type":"page","link":"https:\/\/erdgas-erdoel-fracking-wendland.de\/?page_id=8","title":{"rendered":"Fracking  &#8211; nicht nur im Wendland &#8211;  Videos und Bohrstellenkarte"},"content":{"rendered":"<p><!-- [if gte mso 9]><xml>\n<w:worddocument>\n<w:view>Normal<\/w:view>\n<w:zoom>0<\/w:zoom>\n<w:hyphenationzone>21<\/w:hyphenationzone>\n<w:punctuationkerning><\/w:punctuationkerning>\n<w:validateagainstschemas><\/w:validateagainstschemas>\n<w:saveifxmlinvalid>false<\/w:saveifxmlinvalid>\n<w:ignoremixedcontent>false<\/w:ignoremixedcontent>\n<w:alwaysshowplaceholdertext>false<\/w:alwaysshowplaceholdertext>\n<w:compatibility>\n<w:breakwrappedtables><\/w:breakwrappedtables>\n<w:snaptogridincell><\/w:snaptogridincell>\n<w:wraptextwithpunct><\/w:wraptextwithpunct>\n<w:useasianbreakrules><\/w:useasianbreakrules>\n<w:dontgrowautofit><\/w:dontgrowautofit>\n<\/w:compatibility>\n<w:browserlevel>MicrosoftInternetExplorer4<\/w:browserlevel>\n<\/w:worddocument>\n<\/xml>< ![endif]--><\/p>\n<p><!-- [if gte mso 9]><xml>\n<w:latentstyles DefLockedState=\"false\" LatentStyleCount=\"156\">\n<\/w:latentstyles>\n<\/xml>< ![endif]--><!-- [if gte mso 10]>\n\n\n\n<style>\n \/* Style Definitions *\/\ntable.MsoNormalTable\n{mso-style-name:\"Normale Tabelle\";\nmso-tstyle-rowband-size:0;\nmso-tstyle-colband-size:0;\nmso-style-noshow:yes;\nmso-style-parent:\"\";\nmso-padding-alt:0cm 5.4pt 0cm 5.4pt;\nmso-para-margin:0cm;\nmso-para-margin-bottom:.0001pt;\nmso-pagination:widow-orphan;\nfont-size:10.0pt;\nfont-family:\"Times New Roman\";\nmso-ansi-language:#0400;\nmso-fareast-language:#0400;\nmso-bidi-language:#0400;}\n<\/style>\n\n< ![endif]--><\/p>\n<p>Hier ein\u00a0 Video zum Thema Fracking im Wendland:<\/p>\n<p><a title=\"Fracking im Wendland\" href=\"http:\/\/www.youtube.com\/watch?v=ajHFO6v-8jE\" target=\"_blank\" rel=\"noopener\">Fracking im Wendland<\/a><\/p>\n<p>Wie mit Lagerst\u00e4ttenwasser umgegangen wird &#8211; Ein Beispiel aus Niedersachsen:<\/p>\n<p><a title=\"Trinkwasser in Gefahr NDR - Markt 09.09.2013\" href=\"http:\/\/www.ndr.de\/fernsehen\/sendungen\/markt\/media\/markt8149.html\" target=\"_blank\" rel=\"noopener\">Der Umgang mit dem Lagerst\u00e4ttenwasser &#8211; Trinkwasser in Gefahr<\/a><\/p>\n<p>Ein Video zum Thema Fracking in Nordhessen<\/p>\n<p><a title=\"Fracking in Nordhessen\" href=\"http:\/\/www.youtube.com\/watch?v=45K9wXx67ZU\" target=\"_blank\" rel=\"noopener\">Fracking in Nordhessen<\/a><\/p>\n<p>ARD &#8211; Bericht \u00fcber Fracking rund um Rotenburg (W\u00fcmme) in Niedersachsen<\/p>\n<p><a title=\"Fraching rund um Rotenburg - ARD-Bericht\" href=\"http:\/\/www.ardmediathek.de\/ndr-fernsehen\/markt\/fracking-trinkwasser-in-gefahr?documentId=16984140\" target=\"_blank\" rel=\"noopener\">Fracking rund um Rotenburg (W\u00fcmme) <\/a><\/p>\n<h2>Bohrstellenkarte f\u00fcr Niedersachsen*<\/h2>\n<p>*zum Verschieben der Ansicht Karte mit linker Maustaste anklicken, festhalten und in die gew\u00fcnschte Richung ziehen<\/p>\n<h2><a title=\"Bohrstellenkarte\" href=\"https:\/\/maps.google.de\/maps\/ms?ie=UTF8&amp;hl=de&amp;t=h&amp;msa=0&amp;msid=215471204599158552957.00049220bfb230bc03484&amp;ll=53.01974,9.62265&amp;spn=0.247827,0.411987&amp;z=10&amp;source=embed\" target=\"_blank\" rel=\"noopener\">hier klicken zur Bohrstellenkarte <\/a><\/h2>\n<h2>Unterst\u00fctzt die Korbacher Resolution!<\/h2>\n<p>Mit einer Resolution wollen Umweltverb\u00e4nde und B\u00fcrgerinitiativen aus ganz Deutschland Gasf\u00f6rderung aus tiefen Schichten verhindern. Das sogenannte Fracking m\u00fcsse ausnahmslos verboten werden, sagte Harald R\u00fccker von der \u201eB\u00fcrgerinitiative f\u00fcr ein lebenswertes Korbach\u201c am Sonntag bei einem Treffen von rund zwei Dutzend Anti-Fracking-Organisationen am 4. und 5. Mai 2013 im nordhessischen Korbach. Zudem forderten sie ein generelles Handels- und Importverbot von mit Fracking erzeugtem Gas. Am 31. August soll ein bundesweiter Anti-Fracking-Tag auf die Gefahren hinweisen. Zudem seien weitere Aktionen im Hinblick auf die Bundestagswahl am 22. September sowie auf die Landtagswahlen in Bayern und Hessen geplant, sagte R\u00fccker.<\/p>\n<p style=\"text-align: center;\"><strong>\u00a0ein klick bis zur Korbacher Resolution:<\/strong><\/p>\n<div id=\"attachment_430\" style=\"width: 108px\" class=\"wp-caption aligncenter\"><a href=\"http:\/\/www.resolution-korbach.org\" target=\"_blank\" rel=\"noopener\"><img aria-describedby=\"caption-attachment-430\" decoding=\"async\" loading=\"lazy\" class=\"wp-image-430 \" title=\"hier klicken zum Unterzeichnen!\" src=\"http:\/\/nofracking.wendland-daten.de\/wordpress\/wp-content\/uploads\/2013\/04\/beer1-138x300.jpg\" alt=\"Korbacher Resolution\" width=\"98\" height=\"214\" \/><\/a><p id=\"caption-attachment-430\" class=\"wp-caption-text\">zur Resolution<\/p><\/div>\n<p><strong> &#8212;&#8212;&#8212;&#8212;&#8212;&#8212;&#8212;&#8212;&#8212;&#8212;&#8212;&#8212;&#8212;&#8212;&#8212;&#8212;&#8212;&#8212;&#8212;&#8212;&#8212;&#8212;&#8212;&#8212;&#8212;&#8212;&#8212;&#8212;&#8212;&#8212;&#8212;&#8212;&#8212;&#8212;&#8212;&#8211;<\/strong><\/p>\n<h2>\u00a0Was ist eigentlich Fracking?<\/h2>\n<p>Vor ein \/ zwei Jahren wusste noch kaum jemand etwas mit dem Begriff &#8220;Fracking&#8221; anzufangen.<\/p>\n<p>Mittlerweile ist dieser Begriff in Umweltkreisen zum Horrorwort geworden.<\/p>\n<p>Auch\u00a0 im Wendland haben multinationale Engergiekonzerne ihre Claims bereits abgesteckt. Sie wollen Erdgas gewinnen, indem sie mehrere tausend Meter tiefe L\u00f6cher bohren, und das gashaltige Gestein mit hohem Druck, Chemiecocktails und Sand aufbrechen. Die giftigen Hinterlassenschaften werden uns und den Folgegenerationen, wie beim Atomm\u00fcll, noch lange, lange Zeit Kopfschmerzen bereiten.<\/p>\n<p>Wir wollen mit diesen Seiten aktuelle Informationen zusammenstellen, die Diskussion \u00fcber &#8220;Fracking&#8221; in den Landkreis tragen und gemeinsam dar\u00fcber nachdenken, wie wir den Irrsinn verhindern k\u00f6nnen.<\/p>\n<p>Hinweise z.B. auf interessante Artikel, Filme und Webseiten zum Frakingthema sind willkommen.<\/p>\n<p><strong>Video aus der TV-Sendung &#8220;Problem Fracking &#8211; ZDF zoom 2011&#8221;<\/strong><\/p>\n<p><iframe loading=\"lazy\" src=\"\/\/www.youtube.com\/embed\/-OxbRxxAnfY\" width=\"460\" height=\"258\" frameborder=\"0\" allowfullscreen=\"allowfullscreen\"><\/iframe><\/p>\n<p><strong>Vor allem in Amerika werden die katastrophalen Auswirkungen immer deutlicher.<\/strong><\/p>\n<p><strong>Deshalb haben sich &#8220;K\u00fcnstler gegen Fracking&#8221; zusammengeschlossen.<\/strong><\/p>\n<p><strong>Hier ein Video, unter anderem mit Yoko Ono und Sean Lennon.<\/strong><\/p>\n<p><a href=\"http:\/\/artistsagainstfracking.com\/dont-frack-my-mother\/\"><strong>Don&#8217;t frack my mother<\/strong><\/a><br \/>\n<a href=\"http:\/\/artistsagainstfracking.com\/dont-frack-my-mother\/\" target=\"_blank\" rel=\"noopener\"><img decoding=\"async\" loading=\"lazy\" class=\"alignnone size-medium wp-image-93\" src=\"http:\/\/nofracking.wendland-daten.de\/wordpress\/wp-content\/uploads\/2013\/04\/ScreenshotDontFrackMyMother-300x168.png\" alt=\"ScreenshotDontFrackMyMother\" width=\"300\" height=\"168\" srcset=\"https:\/\/erdgas-erdoel-fracking-wendland.de\/wp-content\/uploads\/2013\/04\/ScreenshotDontFrackMyMother-300x168.png 300w, https:\/\/erdgas-erdoel-fracking-wendland.de\/wp-content\/uploads\/2013\/04\/ScreenshotDontFrackMyMother.png 651w\" sizes=\"(max-width: 300px) 100vw, 300px\" \/><\/a>http:\/\/youtu.be\/-OxbRxxAnfY<\/p>\n<p>&nbsp;<\/p>\n<p>&nbsp;<\/p>\n<p>&nbsp;<\/p>\n","protected":false},"excerpt":{"rendered":"<p>Hier ein\u00a0 Video zum Thema Fracking im Wendland: Fracking im Wendland Wie mit Lagerst\u00e4ttenwasser umgegangen wird &#8211; Ein Beispiel aus Niedersachsen: Der Umgang mit dem Lagerst\u00e4ttenwasser &#8211; Trinkwasser in Gefahr Ein Video zum Thema Fracking in Nordhessen Fracking in Nordhessen &hellip; <a href=\"https:\/\/erdgas-erdoel-fracking-wendland.de\/?page_id=8\">Weiterlesen <span class=\"meta-nav\">&rarr;<\/span><\/a><\/p>\n","protected":false},"author":1,"featured_media":0,"parent":0,"menu_order":0,"comment_status":"closed","ping_status":"closed","template":"","meta":[],"categories":[26],"tags":[24],"_links":{"self":[{"href":"https:\/\/erdgas-erdoel-fracking-wendland.de\/index.php?rest_route=\/wp\/v2\/pages\/8"}],"collection":[{"href":"https:\/\/erdgas-erdoel-fracking-wendland.de\/index.php?rest_route=\/wp\/v2\/pages"}],"about":[{"href":"https:\/\/erdgas-erdoel-fracking-wendland.de\/index.php?rest_route=\/wp\/v2\/types\/page"}],"author":[{"embeddable":true,"href":"https:\/\/erdgas-erdoel-fracking-wendland.de\/index.php?rest_route=\/wp\/v2\/users\/1"}],"replies":[{"embeddable":true,"href":"https:\/\/erdgas-erdoel-fracking-wendland.de\/index.php?rest_route=%2Fwp%2Fv2%2Fcomments&post=8"}],"version-history":[{"count":83,"href":"https:\/\/erdgas-erdoel-fracking-wendland.de\/index.php?rest_route=\/wp\/v2\/pages\/8\/revisions"}],"predecessor-version":[{"id":37729,"href":"https:\/\/erdgas-erdoel-fracking-wendland.de\/index.php?rest_route=\/wp\/v2\/pages\/8\/revisions\/37729"}],"wp:attachment":[{"href":"https:\/\/erdgas-erdoel-fracking-wendland.de\/index.php?rest_route=%2Fwp%2Fv2%2Fmedia&parent=8"}],"wp:term":[{"taxonomy":"category","embeddable":true,"href":"https:\/\/erdgas-erdoel-fracking-wendland.de\/index.php?rest_route=%2Fwp%2Fv2%2Fcategories&post=8"},{"taxonomy":"post_tag","embeddable":true,"href":"https:\/\/erdgas-erdoel-fracking-wendland.de\/index.php?rest_route=%2Fwp%2Fv2%2Ftags&post=8"}],"curies":[{"name":"wp","href":"https:\/\/api.w.org\/{rel}","templated":true}]}}