{"id":991,"date":"2014-09-03T20:58:08","date_gmt":"2014-09-03T18:58:08","guid":{"rendered":"http:\/\/no-fracking-wendland.de\/?page_id=991"},"modified":"2020-05-13T16:00:45","modified_gmt":"2020-05-13T14:00:45","slug":"termine","status":"publish","type":"page","link":"https:\/\/erdgas-erdoel-fracking-wendland.de\/","title":{"rendered":"Hier treffen wir uns &#8211; Interessierte sind herzlich willkommen!"},"content":{"rendered":"<h2 style=\"text-align: center;\"><a href=\"http:\/\/nofracking.wendland-daten.de\/wordpress\/wp-content\/uploads\/2014\/09\/Nein1.png\"><img decoding=\"async\" loading=\"lazy\" class=\"aligncenter size-full wp-image-1632\" src=\"http:\/\/nofracking.wendland-daten.de\/wordpress\/wp-content\/uploads\/2014\/09\/Nein1.png\" alt=\"Nein1\" width=\"683\" height=\"42\" srcset=\"https:\/\/erdgas-erdoel-fracking-wendland.de\/wp-content\/uploads\/2014\/09\/Nein1.png 683w, https:\/\/erdgas-erdoel-fracking-wendland.de\/wp-content\/uploads\/2014\/09\/Nein1-300x18.png 300w\" sizes=\"(max-width: 683px) 100vw, 683px\" \/><\/a><\/h2>\n<h2 style=\"text-align: center;\"><strong>Unser n\u00e4Xtes Treffen: <\/strong><\/h2>\n<p style=\"text-align: center;\"><strong>Steht derzeit nicht fest, wg. Corona&#8230;<br \/><\/strong><\/p>\n<p>\u00a0<\/p>\n<p>\u00a0<\/p>\n<p>\u00a0<\/p>\n<hr \/>\n<p>\u00a0<\/p>\n<p style=\"text-align: center;\">\u00a0<\/p>\n<p style=\"text-align: center;\"><strong>.<br \/><\/strong><\/p>\n<p style=\"text-align: center;\">\u00a0<\/p>\n<p>NEWS:<\/p>\n<p><blockquote class=\"wp-embedded-content\" data-secret=\"HXKFVChUll\"><a href=\"https:\/\/erdgas-erdoel-fracking-wendland.de\/?p=34971\">Initiativen von Gegen Gasbohren fordern Erhalt der Er\u00f6rterungstermine im Umweltrecht<\/a><\/blockquote><iframe title=\"&#8222;Initiativen von Gegen Gasbohren fordern Erhalt der Er\u00f6rterungstermine im Umweltrecht&#8220; &#8212; AG Erdgas-Erd\u00f6l-Fracking-Wendland\" class=\"wp-embedded-content\" sandbox=\"allow-scripts\" security=\"restricted\" style=\"position: absolute; clip: rect(1px, 1px, 1px, 1px);\" src=\"https:\/\/erdgas-erdoel-fracking-wendland.de\/?p=34971&#038;embed=true#?secret=HXKFVChUll\" data-secret=\"HXKFVChUll\" width=\"600\" height=\"338\" frameborder=\"0\" marginwidth=\"0\" marginheight=\"0\" scrolling=\"no\"><\/iframe><\/p>\n<p><blockquote class=\"wp-embedded-content\" data-secret=\"RziheuJcqt\"><a href=\"https:\/\/erdgas-erdoel-fracking-wendland.de\/?p=22103\">Grundst\u00fcckskauf f\u00fcr \u00d6lbohrung vereitelt<\/a><\/blockquote><iframe title=\"&#8222;Grundst\u00fcckskauf f\u00fcr \u00d6lbohrung vereitelt&#8220; &#8212; AG Erdgas-Erd\u00f6l-Fracking-Wendland\" class=\"wp-embedded-content\" sandbox=\"allow-scripts\" security=\"restricted\" style=\"position: absolute; clip: rect(1px, 1px, 1px, 1px);\" src=\"https:\/\/erdgas-erdoel-fracking-wendland.de\/?p=22103&#038;embed=true#?secret=RziheuJcqt\" data-secret=\"RziheuJcqt\" width=\"600\" height=\"338\" frameborder=\"0\" marginwidth=\"0\" marginheight=\"0\" scrolling=\"no\"><\/iframe><\/p>\n<p><blockquote class=\"wp-embedded-content\" data-secret=\"FBmhufNIW4\"><a href=\"https:\/\/erdgas-erdoel-fracking-wendland.de\/?p=22042\">\u00d6l Bohren &#8211; Nein Danke!<\/a><\/blockquote><iframe title=\"&#8222;\u00d6l Bohren &#8211; Nein Danke!&#8220; &#8212; AG Erdgas-Erd\u00f6l-Fracking-Wendland\" class=\"wp-embedded-content\" sandbox=\"allow-scripts\" security=\"restricted\" style=\"position: absolute; clip: rect(1px, 1px, 1px, 1px);\" src=\"https:\/\/erdgas-erdoel-fracking-wendland.de\/?p=22042&#038;embed=true#?secret=FBmhufNIW4\" data-secret=\"FBmhufNIW4\" width=\"600\" height=\"338\" frameborder=\"0\" marginwidth=\"0\" marginheight=\"0\" scrolling=\"no\"><\/iframe><\/p>\n<p>\u00a0<\/p>\n<p><blockquote class=\"wp-embedded-content\" data-secret=\"XLMUFS63Zy\"><a href=\"https:\/\/erdgas-erdoel-fracking-wendland.de\/?p=15677\">Aufsuchungserlaubnis Prezelle verl\u00e4ngert<\/a><\/blockquote><iframe title=\"&#8222;Aufsuchungserlaubnis Prezelle verl\u00e4ngert&#8220; &#8212; AG Erdgas-Erd\u00f6l-Fracking-Wendland\" class=\"wp-embedded-content\" sandbox=\"allow-scripts\" security=\"restricted\" style=\"position: absolute; clip: rect(1px, 1px, 1px, 1px);\" src=\"https:\/\/erdgas-erdoel-fracking-wendland.de\/?p=15677&#038;embed=true#?secret=XLMUFS63Zy\" data-secret=\"XLMUFS63Zy\" width=\"600\" height=\"338\" frameborder=\"0\" marginwidth=\"0\" marginheight=\"0\" scrolling=\"no\"><\/iframe><\/p>\n<p><blockquote class=\"wp-embedded-content\" data-secret=\"eB5g1koLpr\"><a href=\"https:\/\/erdgas-erdoel-fracking-wendland.de\/?p=11771\">B\u00fcrgerinitiativen im LK Verden zu den Erdbeben im Wasserschutzgebiet Panzenberg<\/a><\/blockquote><iframe title=\"&#8222;B\u00fcrgerinitiativen im LK Verden zu den Erdbeben im Wasserschutzgebiet Panzenberg&#8220; &#8212; AG Erdgas-Erd\u00f6l-Fracking-Wendland\" class=\"wp-embedded-content\" sandbox=\"allow-scripts\" security=\"restricted\" style=\"position: absolute; clip: rect(1px, 1px, 1px, 1px);\" src=\"https:\/\/erdgas-erdoel-fracking-wendland.de\/?p=11771&#038;embed=true#?secret=eB5g1koLpr\" data-secret=\"eB5g1koLpr\" width=\"600\" height=\"338\" frameborder=\"0\" marginwidth=\"0\" marginheight=\"0\" scrolling=\"no\"><\/iframe><\/p>\n<p><blockquote class=\"wp-embedded-content\" data-secret=\"wOtSW7PRlL\"><a href=\"https:\/\/erdgas-erdoel-fracking-wendland.de\/?p=11766\">Erdbeben im Erdgasfeld V\u00f6lkersen<\/a><\/blockquote><iframe title=\"&#8222;Erdbeben im Erdgasfeld V\u00f6lkersen&#8220; &#8212; AG Erdgas-Erd\u00f6l-Fracking-Wendland\" class=\"wp-embedded-content\" sandbox=\"allow-scripts\" security=\"restricted\" style=\"position: absolute; clip: rect(1px, 1px, 1px, 1px);\" src=\"https:\/\/erdgas-erdoel-fracking-wendland.de\/?p=11766&#038;embed=true#?secret=wOtSW7PRlL\" data-secret=\"wOtSW7PRlL\" width=\"600\" height=\"338\" frameborder=\"0\" marginwidth=\"0\" marginheight=\"0\" scrolling=\"no\"><\/iframe><\/p>\n<p><blockquote class=\"wp-embedded-content\" data-secret=\"Kny3Iq5SHx\"><a href=\"https:\/\/erdgas-erdoel-fracking-wendland.de\/?p=9481\">Sch\u00f6new\u00f6rde: Forderungen nach umfangreichen Kontrollen der \u00d6lf\u00f6rderung<\/a><\/blockquote><iframe title=\"&#8222;Sch\u00f6new\u00f6rde: Forderungen nach umfangreichen Kontrollen der \u00d6lf\u00f6rderung&#8220; &#8212; AG Erdgas-Erd\u00f6l-Fracking-Wendland\" class=\"wp-embedded-content\" sandbox=\"allow-scripts\" security=\"restricted\" style=\"position: absolute; clip: rect(1px, 1px, 1px, 1px);\" src=\"https:\/\/erdgas-erdoel-fracking-wendland.de\/?p=9481&#038;embed=true#?secret=Kny3Iq5SHx\" data-secret=\"Kny3Iq5SHx\" width=\"600\" height=\"338\" frameborder=\"0\" marginwidth=\"0\" marginheight=\"0\" scrolling=\"no\"><\/iframe><\/p>\n<p><blockquote class=\"wp-embedded-content\" data-secret=\"aWxcXlyj8v\"><a href=\"https:\/\/erdgas-erdoel-fracking-wendland.de\/?p=9477\">Bohrschlammgruben in der Altmark werden untersucht<\/a><\/blockquote><iframe title=\"&#8222;Bohrschlammgruben in der Altmark werden untersucht&#8220; &#8212; AG Erdgas-Erd\u00f6l-Fracking-Wendland\" class=\"wp-embedded-content\" sandbox=\"allow-scripts\" security=\"restricted\" style=\"position: absolute; clip: rect(1px, 1px, 1px, 1px);\" src=\"https:\/\/erdgas-erdoel-fracking-wendland.de\/?p=9477&#038;embed=true#?secret=aWxcXlyj8v\" data-secret=\"aWxcXlyj8v\" width=\"600\" height=\"338\" frameborder=\"0\" marginwidth=\"0\" marginheight=\"0\" scrolling=\"no\"><\/iframe><\/p>\n<p><blockquote class=\"wp-embedded-content\" data-secret=\"msRq4FaXlb\"><a href=\"https:\/\/erdgas-erdoel-fracking-wendland.de\/?p=9443\">Gro\u00dfbritannien stoppt Fracking<\/a><\/blockquote><iframe title=\"&#8222;Gro\u00dfbritannien stoppt Fracking&#8220; &#8212; AG Erdgas-Erd\u00f6l-Fracking-Wendland\" class=\"wp-embedded-content\" sandbox=\"allow-scripts\" security=\"restricted\" style=\"position: absolute; clip: rect(1px, 1px, 1px, 1px);\" src=\"https:\/\/erdgas-erdoel-fracking-wendland.de\/?p=9443&#038;embed=true#?secret=msRq4FaXlb\" data-secret=\"msRq4FaXlb\" width=\"600\" height=\"338\" frameborder=\"0\" marginwidth=\"0\" marginheight=\"0\" scrolling=\"no\"><\/iframe><\/p>\n<hr \/>\n<p><blockquote class=\"wp-embedded-content\" data-secret=\"k7jaiU9ECA\"><a href=\"https:\/\/erdgas-erdoel-fracking-wendland.de\/?p=2522\">FfF-Demo in L\u00fcchow:<\/a><\/blockquote><iframe title=\"&#8222;FfF-Demo in L\u00fcchow:&#8220; &#8212; AG Erdgas-Erd\u00f6l-Fracking-Wendland\" class=\"wp-embedded-content\" sandbox=\"allow-scripts\" security=\"restricted\" style=\"position: absolute; clip: rect(1px, 1px, 1px, 1px);\" src=\"https:\/\/erdgas-erdoel-fracking-wendland.de\/?p=2522&#038;embed=true#?secret=k7jaiU9ECA\" data-secret=\"k7jaiU9ECA\" width=\"600\" height=\"338\" frameborder=\"0\" marginwidth=\"0\" marginheight=\"0\" scrolling=\"no\"><\/iframe><\/p>\n<p><blockquote class=\"wp-embedded-content\" data-secret=\"UymzoYnSJA\"><a href=\"https:\/\/erdgas-erdoel-fracking-wendland.de\/?p=2208\">Klimapolitik der Regierung: Erdgas: roter Teppich \u2013 Erneuerbare: Hemmnisse und H\u00fcrden<\/a><\/blockquote><iframe title=\"&#8222;Klimapolitik der Regierung: Erdgas: roter Teppich \u2013 Erneuerbare: Hemmnisse und H\u00fcrden&#8220; &#8212; AG Erdgas-Erd\u00f6l-Fracking-Wendland\" class=\"wp-embedded-content\" sandbox=\"allow-scripts\" security=\"restricted\" style=\"position: absolute; clip: rect(1px, 1px, 1px, 1px);\" src=\"https:\/\/erdgas-erdoel-fracking-wendland.de\/?p=2208&#038;embed=true#?secret=UymzoYnSJA\" data-secret=\"UymzoYnSJA\" width=\"600\" height=\"338\" frameborder=\"0\" marginwidth=\"0\" marginheight=\"0\" scrolling=\"no\"><\/iframe><\/p>\n<p><blockquote class=\"wp-embedded-content\" data-secret=\"OYkAOHN2EA\"><a href=\"https:\/\/erdgas-erdoel-fracking-wendland.de\/?p=2180\">Erdgas beschleunigt den Klimawandel<\/a><\/blockquote><iframe title=\"&#8222;Erdgas beschleunigt den Klimawandel&#8220; &#8212; AG Erdgas-Erd\u00f6l-Fracking-Wendland\" class=\"wp-embedded-content\" sandbox=\"allow-scripts\" security=\"restricted\" style=\"position: absolute; clip: rect(1px, 1px, 1px, 1px);\" src=\"https:\/\/erdgas-erdoel-fracking-wendland.de\/?p=2180&#038;embed=true#?secret=OYkAOHN2EA\" data-secret=\"OYkAOHN2EA\" width=\"600\" height=\"338\" frameborder=\"0\" marginwidth=\"0\" marginheight=\"0\" scrolling=\"no\"><\/iframe><\/p>\n<p>\u00a0<\/p>\n<p style=\"text-align: center;\">\u00a0<\/p>\n<p style=\"text-align: center;\"><strong>.<br \/><\/strong><\/p>\n<h3 style=\"text-align: center;\"><strong>Aktuelle Informationen<\/strong> werden in der rechten Spalte <strong>Letzte Beitr\u00e4ge<\/strong> angezeigt.<\/h3>\n<p style=\"text-align: center;\"><strong>Bundesweite Infos<\/strong> gibt es oben bei <strong>Aktuelles vom Gasbohren.<\/strong><\/p>\n<h2 style=\"text-align: center;\"><a href=\"http:\/\/nofracking.wendland-daten.de\/wordpress\/wp-content\/uploads\/2014\/09\/Nein1.png\"><img decoding=\"async\" loading=\"lazy\" class=\"aligncenter size-full wp-image-1632\" src=\"http:\/\/nofracking.wendland-daten.de\/wordpress\/wp-content\/uploads\/2014\/09\/Nein1.png\" alt=\"Nein1\" width=\"683\" height=\"42\" srcset=\"https:\/\/erdgas-erdoel-fracking-wendland.de\/wp-content\/uploads\/2014\/09\/Nein1.png 683w, https:\/\/erdgas-erdoel-fracking-wendland.de\/wp-content\/uploads\/2014\/09\/Nein1-300x18.png 300w\" sizes=\"(max-width: 683px) 100vw, 683px\" \/><\/a><\/h2>\n\n\n<figure class=\"wp-block-embed-wordpress wp-block-embed is-type-wp-embed is-provider-ag-erdgas-erdol-fracking-wendland\"><div class=\"wp-block-embed__wrapper\">\n<blockquote class=\"wp-embedded-content\" data-secret=\"DAGpm6Oa6R\"><a href=\"https:\/\/erdgas-erdoel-fracking-wendland.de\/?p=2098\">AG Fracking hat sich umbenannt<\/a><\/blockquote><iframe title=\"&#8222;AG Fracking hat sich umbenannt&#8220; &#8212; AG Erdgas-Erd\u00f6l-Fracking-Wendland\" class=\"wp-embedded-content\" sandbox=\"allow-scripts\" security=\"restricted\" style=\"position: absolute; clip: rect(1px, 1px, 1px, 1px);\" src=\"https:\/\/erdgas-erdoel-fracking-wendland.de\/?p=2098&#038;embed=true#?secret=DAGpm6Oa6R\" data-secret=\"DAGpm6Oa6R\" width=\"600\" height=\"338\" frameborder=\"0\" marginwidth=\"0\" marginheight=\"0\" scrolling=\"no\"><\/iframe>\n<\/div><\/figure>\n\n\n\n<p><\/p>\n","protected":false},"excerpt":{"rendered":"<p>Unser n\u00e4Xtes Treffen: Steht derzeit nicht fest, wg. Corona&#8230; \u00a0 \u00a0 \u00a0 \u00a0 \u00a0 . \u00a0 NEWS: Initiativen von Gegen Gasbohren fordern Erhalt der Er\u00f6rterungstermine im Umweltrecht Grundst\u00fcckskauf f\u00fcr \u00d6lbohrung vereitelt \u00d6l Bohren &#8211; Nein Danke! \u00a0 Aufsuchungserlaubnis Prezelle verl\u00e4ngert &hellip; <a href=\"https:\/\/erdgas-erdoel-fracking-wendland.de\/\">Weiterlesen <span class=\"meta-nav\">&rarr;<\/span><\/a><\/p>\n","protected":false},"author":2,"featured_media":0,"parent":0,"menu_order":0,"comment_status":"closed","ping_status":"open","template":"","meta":[],"categories":[],"tags":[],"_links":{"self":[{"href":"https:\/\/erdgas-erdoel-fracking-wendland.de\/index.php?rest_route=\/wp\/v2\/pages\/991"}],"collection":[{"href":"https:\/\/erdgas-erdoel-fracking-wendland.de\/index.php?rest_route=\/wp\/v2\/pages"}],"about":[{"href":"https:\/\/erdgas-erdoel-fracking-wendland.de\/index.php?rest_route=\/wp\/v2\/types\/page"}],"author":[{"embeddable":true,"href":"https:\/\/erdgas-erdoel-fracking-wendland.de\/index.php?rest_route=\/wp\/v2\/users\/2"}],"replies":[{"embeddable":true,"href":"https:\/\/erdgas-erdoel-fracking-wendland.de\/index.php?rest_route=%2Fwp%2Fv2%2Fcomments&post=991"}],"version-history":[{"count":246,"href":"https:\/\/erdgas-erdoel-fracking-wendland.de\/index.php?rest_route=\/wp\/v2\/pages\/991\/revisions"}],"predecessor-version":[{"id":35014,"href":"https:\/\/erdgas-erdoel-fracking-wendland.de\/index.php?rest_route=\/wp\/v2\/pages\/991\/revisions\/35014"}],"wp:attachment":[{"href":"https:\/\/erdgas-erdoel-fracking-wendland.de\/index.php?rest_route=%2Fwp%2Fv2%2Fmedia&parent=991"}],"wp:term":[{"taxonomy":"category","embeddable":true,"href":"https:\/\/erdgas-erdoel-fracking-wendland.de\/index.php?rest_route=%2Fwp%2Fv2%2Fcategories&post=991"},{"taxonomy":"post_tag","embeddable":true,"href":"https:\/\/erdgas-erdoel-fracking-wendland.de\/index.php?rest_route=%2Fwp%2Fv2%2Ftags&post=991"}],"curies":[{"name":"wp","href":"https:\/\/api.w.org\/{rel}","templated":true}]}}